{"id":54,"date":"2022-02-16T04:33:09","date_gmt":"2022-02-16T04:33:09","guid":{"rendered":"http:\/\/www.fincasancarlos.com\/?page_id=54"},"modified":"2022-02-16T04:50:12","modified_gmt":"2022-02-16T04:50:12","slug":"servicios","status":"publish","type":"page","link":"https:\/\/www.fincasancarlos.com\/index.php\/servicios\/","title":{"rendered":"Servicios"},"content":{"rendered":"\n\t<div class=\"img has-hover x md-x lg-x y md-y lg-y\" id=\"image_631942259\">\n\t\t\t\t\t\t\t\t<div class=\"img-inner dark\" >\n\t\t\t<img loading=\"lazy\" decoding=\"async\" width=\"1020\" height=\"478\" src=\"https:\/\/www.fincasancarlos.com\/wp-content\/uploads\/2022\/02\/Head_Servicios4.jpg\" class=\"attachment-large size-large\" alt=\"\" srcset=\"https:\/\/www.fincasancarlos.com\/wp-content\/uploads\/2022\/02\/Head_Servicios4.jpg 1024w, https:\/\/www.fincasancarlos.com\/wp-content\/uploads\/2022\/02\/Head_Servicios4-300x141.jpg 300w, https:\/\/www.fincasancarlos.com\/wp-content\/uploads\/2022\/02\/Head_Servicios4-768x360.jpg 768w\" sizes=\"auto, (max-width: 1020px) 100vw, 1020px\" \/>\t\t\t\t\t\t\n\t\t\t\t\t<\/div>\n\t\t\t\t\t\t\t\t\n<style>\n#image_631942259 {\n  width: 100%;\n}\n<\/style>\n\t<\/div>\n\t\n\n\t<div id=\"gap-1600417339\" class=\"gap-element clearfix\" style=\"display:block; height:auto;\">\n\t\t\n<style>\n#gap-1600417339 {\n  padding-top: 20px;\n}\n<\/style>\n\t<\/div>\n\t\n\n<div class=\"row\"  id=\"row-424649806\">\n\n\n\t<div id=\"col-2100790298\" class=\"col medium-2 small-12 large-2\"  >\n\t\t\t\t<div class=\"col-inner\"  >\n\t\t\t\n\t\t\t\n\n\n\t\t<\/div>\n\t\t\t\t\t<\/div>\n\n\t\n\n\t<div id=\"col-963790289\" class=\"col medium-8 small-12 large-8\"  >\n\t\t\t\t<div class=\"col-inner\"  >\n\t\t\t\n\t\t\t\n\n\t<div id=\"text-3311409450\" class=\"text\">\n\t\t\n\n<div class=\"row\">\n<div class=\"col-8\">\n<h2 style=\"text-align: center;\"><strong>SERVICIOS<\/strong><\/h2>\n<p>En Finca San Carlos brindamos una diversidad de servicios que buscan ofrecer la mejor atenci\u00f3n y asesoramiento. \u00a1Con\u00f3cenos!<\/p>\n<p>\u00a0<\/p>\n<\/div>\n<\/div>\n<div class=\"container\">\n<div class=\"row\">\n<div class=\"col-4-servicios\">\n<ul class=\"servicios\">\n<li><strong>Venta de Caballos:<\/strong>\n<p>En Finca San Carlos contamos con potros y potrancas, adem\u00e1s de caballos j\u00f3venes y adultos montados en adiestramiento y para paseo. Lo mismo que yeguas montadas y para la reproducci\u00f3n.<\/p>\n<\/li>\n<li><strong>Maquilas:<\/strong>\n<p>En monta natural o en reproducci\u00f3n asistida por nuestro calificado equipo veterinario.<\/p>\n<\/li>\n<li><strong>Clases de adiestramiento (Doma Cl\u00e1sica):<\/strong>\n<p>Entrenamiento y cl\u00ednicas en todos los niveles desde principiantes hasta avanzados con personal calificado e instalaciones de primer nivel.<\/p>\n<\/li>\n<li><strong>Entrenamiento para caballos :<\/strong>\n<p>Entrenamiento en todos los niveles de doma cl\u00e1sica (adiestramiento) y tambi\u00e9n de as\u00ed requerirse solo para paseo.<\/p>\n<\/li>\n<li><strong>Pensi\u00f3n para caballos:<\/strong>\n<p>Los mejores cuidados y alimentaci\u00f3n en caballerizas amplias para la comodidad de su caballo y cuyos beneficios nos diferencian en el mercado.<\/p>\n<\/li>\n<\/ul>\n<\/div>\n<\/div>\n<\/div>\n\t\t\n<style>\n#text-3311409450 {\n  color: rgb(0,0,0);\n}\n#text-3311409450 > * {\n  color: rgb(0,0,0);\n}\n<\/style>\n\t<\/div>\n\t\n\n\t\t<\/div>\n\t\t\t\t\t<\/div>\n\n\t\n\n\t<div id=\"col-54882884\" class=\"col medium-2 small-12 large-2\"  >\n\t\t\t\t<div class=\"col-inner\"  >\n\t\t\t\n\t\t\t\n\n\n\t\t<\/div>\n\t\t\t\t\t<\/div>\n\n\t\n\n<\/div>\n\n","protected":false},"excerpt":{"rendered":"","protected":false},"author":1,"featured_media":0,"parent":0,"menu_order":0,"comment_status":"closed","ping_status":"closed","template":"page-blank.php","meta":{"footnotes":""},"class_list":["post-54","page","type-page","status-publish","hentry"],"_links":{"self":[{"href":"https:\/\/www.fincasancarlos.com\/index.php\/wp-json\/wp\/v2\/pages\/54","targetHints":{"allow":["GET"]}}],"collection":[{"href":"https:\/\/www.fincasancarlos.com\/index.php\/wp-json\/wp\/v2\/pages"}],"about":[{"href":"https:\/\/www.fincasancarlos.com\/index.php\/wp-json\/wp\/v2\/types\/page"}],"author":[{"embeddable":true,"href":"https:\/\/www.fincasancarlos.com\/index.php\/wp-json\/wp\/v2\/users\/1"}],"replies":[{"embeddable":true,"href":"https:\/\/www.fincasancarlos.com\/index.php\/wp-json\/wp\/v2\/comments?post=54"}],"version-history":[{"count":7,"href":"https:\/\/www.fincasancarlos.com\/index.php\/wp-json\/wp\/v2\/pages\/54\/revisions"}],"predecessor-version":[{"id":62,"href":"https:\/\/www.fincasancarlos.com\/index.php\/wp-json\/wp\/v2\/pages\/54\/revisions\/62"}],"wp:attachment":[{"href":"https:\/\/www.fincasancarlos.com\/index.php\/wp-json\/wp\/v2\/media?parent=54"}],"curies":[{"name":"wp","href":"https:\/\/api.w.org\/{rel}","templated":true}]}}