{"id":8,"date":"2022-02-16T02:15:30","date_gmt":"2022-02-16T02:15:30","guid":{"rendered":"http:\/\/www.fincasancarlos.com\/?page_id=8"},"modified":"2022-08-25T23:36:56","modified_gmt":"2022-08-25T23:36:56","slug":"inicio","status":"publish","type":"page","link":"https:\/\/www.fincasancarlos.com\/","title":{"rendered":"Inicio"},"content":{"rendered":"\n<div class=\"slider-wrapper relative\" id=\"slider-266785261\" >\n    <div class=\"slider slider-nav-circle slider-nav-large slider-nav-light slider-style-normal\"\n        data-flickity-options='{\n            \"cellAlign\": \"center\",\n            \"imagesLoaded\": true,\n            \"lazyLoad\": 1,\n            \"freeScroll\": false,\n            \"wrapAround\": true,\n            \"autoPlay\": 6000,\n            \"pauseAutoPlayOnHover\" : true,\n            \"prevNextButtons\": true,\n            \"contain\" : true,\n            \"adaptiveHeight\" : true,\n            \"dragThreshold\" : 10,\n            \"percentPosition\": true,\n            \"pageDots\": true,\n            \"rightToLeft\": false,\n            \"draggable\": true,\n            \"selectedAttraction\": 0.1,\n            \"parallax\" : 0,\n            \"friction\": 0.6        }'\n        >\n        \n\n\n  <div class=\"banner has-hover\" id=\"banner-1812443936\">\n          <div class=\"banner-inner fill\">\n        <div class=\"banner-bg fill\" >\n            <div class=\"bg fill bg-fill \"><\/div>\n                                    \n                    <\/div>\n        <div class=\"banner-layers container\">\n            <div class=\"fill banner-link\"><\/div>            \n\n   <div id=\"text-box-953876485\" class=\"text-box banner-layer x50 md-x50 lg-x50 y50 md-y50 lg-y50 res-text\">\n                                <div class=\"text-box-content text dark text-shadow-5\">\n              \n              <div class=\"text-inner text-center\">\n                  \n\n<h4>\u00a0<\/h4>\n<h4 style=\"text-align: center;\">&#8211; De mi caballo aprend\u00ed que la fuerza se complementa con la nobleza y la lealtad &#8211;<\/h4>\n<h4 style=\"text-align: center;\">Gabriel Oliverio<\/h4>\n\n              <\/div>\n           <\/div>\n                            \n<style>\n#text-box-953876485 {\n  width: 83%;\n}\n#text-box-953876485 .text-box-content {\n  font-size: 100%;\n}\n<\/style>\n    <\/div>\n \n\n        <\/div>\n      <\/div>\n\n            \n<style>\n#banner-1812443936 {\n  padding-top: 500px;\n}\n#banner-1812443936 .bg.bg-loaded {\n  background-image: url(https:\/\/www.fincasancarlos.com\/wp-content\/uploads\/2022\/02\/INICIO_C1.jpg);\n}\n<\/style>\n  <\/div>\n\n\n\n  <div class=\"banner has-hover\" id=\"banner-76030454\">\n          <div class=\"banner-inner fill\">\n        <div class=\"banner-bg fill\" >\n            <div class=\"bg fill bg-fill \"><\/div>\n                                    \n                    <\/div>\n        <div class=\"banner-layers container\">\n            <div class=\"fill banner-link\"><\/div>            \n\n   <div id=\"text-box-1351669838\" class=\"text-box banner-layer x50 md-x50 lg-x50 y50 md-y50 lg-y50 res-text\">\n                                <div class=\"text-box-content text dark text-shadow-5\">\n              \n              <div class=\"text-inner text-center\">\n                  \n\n<h4 style=\"text-align: center;\">&#8211; No existe secreto tan cercano como el de un jinete y su caballo &#8211;<br \/>R. S. Surtees<\/h4>\n\n              <\/div>\n           <\/div>\n                            \n<style>\n#text-box-1351669838 {\n  width: 67%;\n}\n#text-box-1351669838 .text-box-content {\n  font-size: 100%;\n}\n<\/style>\n    <\/div>\n \n\n        <\/div>\n      <\/div>\n\n            \n<style>\n#banner-76030454 {\n  padding-top: 500px;\n}\n#banner-76030454 .bg.bg-loaded {\n  background-image: url(https:\/\/www.fincasancarlos.com\/wp-content\/uploads\/2022\/02\/INICIO_C3.jpg);\n}\n<\/style>\n  <\/div>\n\n\n\n  <div class=\"banner has-hover\" id=\"banner-1712588890\">\n          <div class=\"banner-inner fill\">\n        <div class=\"banner-bg fill\" >\n            <div class=\"bg fill bg-fill \"><\/div>\n                                    \n                    <\/div>\n        <div class=\"banner-layers container\">\n            <div class=\"fill banner-link\"><\/div>            \n\n   <div id=\"text-box-1305126082\" class=\"text-box banner-layer x50 md-x50 lg-x50 y50 md-y50 lg-y50 res-text\">\n                                <div class=\"text-box-content text dark text-shadow-5\">\n              \n              <div class=\"text-inner text-center\">\n                  \n\n<h4 style=\"text-align: center;\">&#8211; Hay dos cosas en la equitaci\u00f3n: La t\u00e9cnica y el coraz\u00f3n &#8211;<\/h4>\n\n              <\/div>\n           <\/div>\n                            \n<style>\n#text-box-1305126082 {\n  width: 60%;\n}\n#text-box-1305126082 .text-box-content {\n  font-size: 100%;\n}\n<\/style>\n    <\/div>\n \n\n        <\/div>\n      <\/div>\n\n            \n<style>\n#banner-1712588890 {\n  padding-top: 500px;\n}\n#banner-1712588890 .bg.bg-loaded {\n  background-image: url(https:\/\/www.fincasancarlos.com\/wp-content\/uploads\/2022\/02\/INICIO_C4.jpg);\n}\n<\/style>\n  <\/div>\n\n\n\n  <div class=\"banner has-hover\" id=\"banner-1121528550\">\n          <div class=\"banner-inner fill\">\n        <div class=\"banner-bg fill\" >\n            <div class=\"bg fill bg-fill \"><\/div>\n                                    \n                    <\/div>\n        <div class=\"banner-layers container\">\n            <div class=\"fill banner-link\"><\/div>            \n\n   <div id=\"text-box-1099884280\" class=\"text-box banner-layer x50 md-x50 lg-x50 y50 md-y50 lg-y50 res-text\">\n                                <div class=\"text-box-content text dark text-shadow-5\">\n              \n              <div class=\"text-inner text-center\">\n                  \n\n<h4 style=\"text-align: center;\">Los mejores caballos de Pura Raza Espa\u00f1oles<\/h4>\n<h4 style=\"text-align: center;\">Tenemos los mejores ejemplares<\/h4>\n\n              <\/div>\n           <\/div>\n                            \n<style>\n#text-box-1099884280 {\n  width: 60%;\n}\n#text-box-1099884280 .text-box-content {\n  font-size: 100%;\n}\n<\/style>\n    <\/div>\n \n\n        <\/div>\n      <\/div>\n\n            \n<style>\n#banner-1121528550 {\n  padding-top: 500px;\n}\n#banner-1121528550 .bg.bg-loaded {\n  background-image: url(https:\/\/www.fincasancarlos.com\/wp-content\/uploads\/2022\/02\/INICIO_C5.jpg);\n}\n<\/style>\n  <\/div>\n\n\n\n     <\/div>\n\n     <div class=\"loading-spin dark large centered\"><\/div>\n\n     \t<\/div>\n\n\n\t<div id=\"gap-288329293\" class=\"gap-element clearfix\" style=\"display:block; height:auto;\">\n\t\t\n<style>\n#gap-288329293 {\n  padding-top: 20px;\n}\n<\/style>\n\t<\/div>\n\t\n\n<div class=\"row row-full-width\"  id=\"row-824379601\">\n\n\n\t<div id=\"col-735995751\" class=\"col medium-1 large-1\"  >\n\t\t\t\t<div class=\"col-inner\"  >\n\t\t\t\n\t\t\t\n\n\n\t\t<\/div>\n\t\t\t\t\t<\/div>\n\n\t\n\n\t<div id=\"col-1095085132\" class=\"col medium-10 large-10\"  >\n\t\t\t\t<div class=\"col-inner\"  >\n\t\t\t\n\t\t\t\n\n\t<div id=\"text-326977004\" class=\"text\">\n\t\t\n\n<h3 style=\"text-align: center;\">SOBRE NOSOTROS<\/h3>\n<p><strong>Finca San Carlos<\/strong> surge como ganader\u00eda criadora de caballos Pura Raza Espa\u00f1ola PRE. Se encuentra ubicada en Tlaltenango, Cholula, Puebla.<\/p>\n<p>En Finca San Carlos buscamos adem\u00e1s de preservar la raza PRE, lograr un ambiente de profesionalismo para que la educaci\u00f3n y entrenamiento de caballos y jinetes sea una grata experiencia.<\/p>\n\t\t\n<style>\n#text-326977004 {\n  color: rgb(0,0,0);\n}\n#text-326977004 > * {\n  color: rgb(0,0,0);\n}\n<\/style>\n\t<\/div>\n\t\n\n\t\t<\/div>\n\t\t\t\t\t<\/div>\n\n\t\n\n\t<div id=\"col-43465555\" class=\"col medium-1 large-1\"  >\n\t\t\t\t<div class=\"col-inner\"  >\n\t\t\t\n\t\t\t\n\n\n\t\t<\/div>\n\t\t\t\t\t<\/div>\n\n\t\n\n<\/div>\n\t<div id=\"gap-1082987012\" class=\"gap-element clearfix\" style=\"display:block; height:auto;\">\n\t\t\n<style>\n#gap-1082987012 {\n  padding-top: 20px;\n}\n<\/style>\n\t<\/div>\n\t\n\n\t<div class=\"img has-hover x md-x lg-x y md-y lg-y\" id=\"image_1798024701\">\n\t\t\t\t\t\t\t\t<div class=\"img-inner dark\" >\n\t\t\t<img loading=\"lazy\" decoding=\"async\" width=\"1020\" height=\"478\" src=\"https:\/\/www.fincasancarlos.com\/wp-content\/uploads\/2022\/02\/Head_Servicios1.jpg\" class=\"attachment-large size-large\" alt=\"\" srcset=\"https:\/\/www.fincasancarlos.com\/wp-content\/uploads\/2022\/02\/Head_Servicios1.jpg 1024w, https:\/\/www.fincasancarlos.com\/wp-content\/uploads\/2022\/02\/Head_Servicios1-300x141.jpg 300w, https:\/\/www.fincasancarlos.com\/wp-content\/uploads\/2022\/02\/Head_Servicios1-768x360.jpg 768w\" sizes=\"auto, (max-width: 1020px) 100vw, 1020px\" \/>\t\t\t\t\t\t\n\t\t\t\t\t<\/div>\n\t\t\t\t\t\t\t\t\n<style>\n#image_1798024701 {\n  width: 100%;\n}\n<\/style>\n\t<\/div>\n\t\n\n\t<div id=\"gap-185709194\" class=\"gap-element clearfix\" style=\"display:block; height:auto;\">\n\t\t\n<style>\n#gap-185709194 {\n  padding-top: 20px;\n}\n<\/style>\n\t<\/div>\n\t\n\n<div class=\"row row-collapse\"  id=\"row-1102276559\">\n\n\n\t<div id=\"col-412091492\" class=\"col medium-6 small-12 large-6\"  >\n\t\t\t\t<div class=\"col-inner\"  >\n\t\t\t\n\t\t\t\n\n\t<div id=\"text-357420649\" class=\"text\">\n\t\t\n\n<h3 style=\"text-align: center;\">NUESTRA HISTORIA<\/h3>\n<p>La belleza, la nobleza y adem\u00e1s los buenos movimientos son caracter\u00edsticas propias de\u00a0 los\u00a0 caballos\u00a0 espa\u00f1oles,\u00a0 de\u00a0 ah\u00ed\u00a0 nuestra\u00a0 inspiraci\u00f3n\u00a0 para\u00a0 dedicarnos\u00a0 a\u00a0 la reproducci\u00f3n de estos hermosos ejemplares.<\/p>\n<p>En\u00a0 Finca San Carlos\u00a0 tenemos\u00a0 como\u00a0 premisa,\u00a0 el\u00a0 no\u00a0 solo\u00a0 criar\u00a0 caballos\u00a0 para fotografiar o pintar, si no que\u00a0 al\u00a0 estar muy dedicados\u00a0 a la\u00a0 funcionalidad\u00a0 hemos logrado, por medio de una cuidadosa selecci\u00f3n, de diferentes hierros de caballos que\u00a0 est\u00e1n\u00a0 en m\u00e1ximos\u00a0 lugares\u00a0 de la\u00a0 doma\u00a0 cl\u00e1sica en Espa\u00f1a y M\u00e9xico,\u00a0 criar caballos deportivos que son entrenados en los distintos niveles de esta disciplina, permiti\u00e9ndonos competir en los distintos circuitos a nivel nacional.<\/p>\n\t\t\n<style>\n#text-357420649 {\n  color: rgb(0,0,0);\n}\n#text-357420649 > * {\n  color: rgb(0,0,0);\n}\n<\/style>\n\t<\/div>\n\t\n\n\t\t<\/div>\n\t\t\t\t\t<\/div>\n\n\t\n\n\t<div id=\"col-1073739810\" class=\"col medium-6 small-12 large-6\"  >\n\t\t\t\t<div class=\"col-inner\"  >\n\t\t\t\n\t\t\t\n\n\t<div class=\"img has-hover x md-x lg-x y md-y lg-y\" id=\"image_1976634643\">\n\t\t\t\t\t\t\t\t<div class=\"img-inner dark\" >\n\t\t\t<img loading=\"lazy\" decoding=\"async\" width=\"1024\" height=\"725\" src=\"https:\/\/www.fincasancarlos.com\/wp-content\/uploads\/2022\/02\/Nosotros_finca2.jpg\" class=\"attachment-original size-original\" alt=\"\" srcset=\"https:\/\/www.fincasancarlos.com\/wp-content\/uploads\/2022\/02\/Nosotros_finca2.jpg 1024w, https:\/\/www.fincasancarlos.com\/wp-content\/uploads\/2022\/02\/Nosotros_finca2-300x212.jpg 300w, https:\/\/www.fincasancarlos.com\/wp-content\/uploads\/2022\/02\/Nosotros_finca2-768x544.jpg 768w\" sizes=\"auto, (max-width: 1024px) 100vw, 1024px\" \/>\t\t\t\t\t\t\n\t\t\t\t\t<\/div>\n\t\t\t\t\t\t\t\t\n<style>\n#image_1976634643 {\n  width: 100%;\n}\n<\/style>\n\t<\/div>\n\t\n\n\n\t\t<\/div>\n\t\t\t\t\t<\/div>\n\n\t\n\n<\/div>\n\t<div id=\"gap-586170749\" class=\"gap-element clearfix\" style=\"display:block; height:auto;\">\n\t\t\n<style>\n#gap-586170749 {\n  padding-top: 5px;\n}\n<\/style>\n\t<\/div>\n\t\n\n<div class=\"row row-large row-full-width align-center\"  id=\"row-511186359\">\n\n\n\t<div id=\"col-1604150102\" class=\"col medium-6 small-12 large-6\"  >\n\t\t\t\t<div class=\"col-inner\"  >\n\t\t\t\n\t\t\t\n\n<div class=\"video video-fit mb\" style=\"padding-top:56.25%;\"><div style=\"width: 640px;\" class=\"wp-video\"><video class=\"wp-video-shortcode\" id=\"video-8-1\" width=\"640\" height=\"360\" preload=\"metadata\" controls=\"controls\"><source type=\"video\/mp4\" src=\"https:\/\/fincasancarlos.com\/video1.mp4?_=1\" \/><a href=\"https:\/\/fincasancarlos.com\/video1.mp4\">https:\/\/fincasancarlos.com\/video1.mp4<\/a><\/video><\/div><\/div>\n\n\n\t\t<\/div>\n\t\t\t\t\t<\/div>\n\n\t\n\n\t<div id=\"col-1199569017\" class=\"col medium-6 small-12 large-6\"  >\n\t\t\t\t<div class=\"col-inner\"  >\n\t\t\t\n\t\t\t\n\n<div class=\"video video-fit mb\" style=\"padding-top:56.25%;\"><p><div style=\"width: 640px;\" class=\"wp-video\"><video class=\"wp-video-shortcode\" id=\"video-8-2\" width=\"640\" height=\"360\" preload=\"metadata\" controls=\"controls\"><source type=\"video\/mp4\" src=\"https:\/\/fincasancarlos.com\/video2.mp4?_=2\" \/><a href=\"https:\/\/fincasancarlos.com\/video2.mp4\">https:\/\/fincasancarlos.com\/video2.mp4<\/a><\/video><\/div><\/p>\n<\/div>\n\n\n\t\t<\/div>\n\t\t\t\t\t<\/div>\n\n\t\n\n<\/div>\n\n","protected":false},"excerpt":{"rendered":"","protected":false},"author":1,"featured_media":0,"parent":0,"menu_order":0,"comment_status":"closed","ping_status":"closed","template":"page-blank.php","meta":{"footnotes":""},"class_list":["post-8","page","type-page","status-publish","hentry"],"_links":{"self":[{"href":"https:\/\/www.fincasancarlos.com\/index.php\/wp-json\/wp\/v2\/pages\/8","targetHints":{"allow":["GET"]}}],"collection":[{"href":"https:\/\/www.fincasancarlos.com\/index.php\/wp-json\/wp\/v2\/pages"}],"about":[{"href":"https:\/\/www.fincasancarlos.com\/index.php\/wp-json\/wp\/v2\/types\/page"}],"author":[{"embeddable":true,"href":"https:\/\/www.fincasancarlos.com\/index.php\/wp-json\/wp\/v2\/users\/1"}],"replies":[{"embeddable":true,"href":"https:\/\/www.fincasancarlos.com\/index.php\/wp-json\/wp\/v2\/comments?post=8"}],"version-history":[{"count":27,"href":"https:\/\/www.fincasancarlos.com\/index.php\/wp-json\/wp\/v2\/pages\/8\/revisions"}],"predecessor-version":[{"id":89,"href":"https:\/\/www.fincasancarlos.com\/index.php\/wp-json\/wp\/v2\/pages\/8\/revisions\/89"}],"wp:attachment":[{"href":"https:\/\/www.fincasancarlos.com\/index.php\/wp-json\/wp\/v2\/media?parent=8"}],"curies":[{"name":"wp","href":"https:\/\/api.w.org\/{rel}","templated":true}]}}